{"id":20,"date":"2024-03-05T15:58:32","date_gmt":"2024-03-05T15:58:32","guid":{"rendered":"https:\/\/casaortonero.com\/?page_id=20"},"modified":"2024-08-03T19:01:24","modified_gmt":"2024-08-03T19:01:24","slug":"domov","status":"publish","type":"page","link":"https:\/\/casaortonero.com\/","title":{"rendered":"Buti\u010dna kamnita hi\u0161a v Istri na Hrva\u0161kem"},"content":{"rendered":"<p style=\"text-align: left;\"><img loading=\"lazy\" decoding=\"async\" class=\"alignnone size-medium wp-image-80\" src=\"https:\/\/casaortonero.com\/wp-content\/uploads\/2024\/08\/Screenshot_20240713_124128_All-PDF-Reader2-300x156.jpg\" alt=\"\" width=\"300\" height=\"156\" srcset=\"https:\/\/casaortonero.com\/wp-content\/uploads\/2024\/08\/Screenshot_20240713_124128_All-PDF-Reader2-300x156.jpg 300w, https:\/\/casaortonero.com\/wp-content\/uploads\/2024\/08\/Screenshot_20240713_124128_All-PDF-Reader2-1024x532.jpg 1024w, https:\/\/casaortonero.com\/wp-content\/uploads\/2024\/08\/Screenshot_20240713_124128_All-PDF-Reader2-768x399.jpg 768w, https:\/\/casaortonero.com\/wp-content\/uploads\/2024\/08\/Screenshot_20240713_124128_All-PDF-Reader2-1536x799.jpg 1536w, https:\/\/casaortonero.com\/wp-content\/uploads\/2024\/08\/Screenshot_20240713_124128_All-PDF-Reader2-18x9.jpg 18w, https:\/\/casaortonero.com\/wp-content\/uploads\/2024\/08\/Screenshot_20240713_124128_All-PDF-Reader2.jpg 1712w\" sizes=\"auto, (max-width: 300px) 100vw, 300px\" \/>Vabljeni v prenovljeno kamnito istrsko hi\u0161o v Brtonigli, v Istri na Hrva\u0161kem.<\/p>\r\n<p>Nudimo vam najem celotne hi\u0161e in notranjega zunanjega vrta z bazenom in letno kuhinjo v \u010dasu sezone.<\/p>\r\n<p>Izven sezone pa nudimo najem posameznega apartmaja za 2 ali 4 osebe.\u00a0<\/p>\r\n<p>Apartmaji so buti\u010dno opremljeni, z originalnimi kamnitimi stenami Istrskega kamna z leta 1700.<\/p>\r\n<p>&nbsp;<\/p>\r\n<!-- \/wp:post-content -->","protected":false},"excerpt":{"rendered":"<p>Vabljeni v prenovljeno kamnito istrsko hi\u0161o v Brtonigli, v Istri na Hrva\u0161kem. Nudimo vam najem celotne hi\u0161e in notranjega zunanjega vrta z bazenom in letno kuhinjo v \u010dasu sezone. Izven sezone pa nudimo najem posameznega apartmaja za 2 ali 4 osebe.\u00a0 Apartmaji so buti\u010dno opremljeni, z originalnimi kamnitimi stenami Istrskega kamna z leta 1700. &nbsp;<\/p>\n","protected":false},"author":1,"featured_media":0,"parent":0,"menu_order":0,"comment_status":"closed","ping_status":"closed","template":"","meta":{"footnotes":""},"class_list":["post-20","page","type-page","status-publish","hentry"],"_links":{"self":[{"href":"https:\/\/casaortonero.com\/index.php\/wp-json\/wp\/v2\/pages\/20","targetHints":{"allow":["GET"]}}],"collection":[{"href":"https:\/\/casaortonero.com\/index.php\/wp-json\/wp\/v2\/pages"}],"about":[{"href":"https:\/\/casaortonero.com\/index.php\/wp-json\/wp\/v2\/types\/page"}],"author":[{"embeddable":true,"href":"https:\/\/casaortonero.com\/index.php\/wp-json\/wp\/v2\/users\/1"}],"replies":[{"embeddable":true,"href":"https:\/\/casaortonero.com\/index.php\/wp-json\/wp\/v2\/comments?post=20"}],"version-history":[{"count":3,"href":"https:\/\/casaortonero.com\/index.php\/wp-json\/wp\/v2\/pages\/20\/revisions"}],"predecessor-version":[{"id":103,"href":"https:\/\/casaortonero.com\/index.php\/wp-json\/wp\/v2\/pages\/20\/revisions\/103"}],"wp:attachment":[{"href":"https:\/\/casaortonero.com\/index.php\/wp-json\/wp\/v2\/media?parent=20"}],"curies":[{"name":"wp","href":"https:\/\/api.w.org\/{rel}","templated":true}]}}